{"id":94,"date":"2018-02-20T17:54:02","date_gmt":"2018-02-20T16:54:02","guid":{"rendered":"http:\/\/costarica.evolutiontravel.it\/infovacanze\/?page_id=94"},"modified":"2019-04-17T10:24:33","modified_gmt":"2019-04-17T08:24:33","slug":"snorkeling","status":"publish","type":"page","link":"https:\/\/costarica.evolutiontravel.it\/infovacanze\/cosa-fare\/snorkeling\/","title":{"rendered":"Snorkeling e immersioni"},"content":{"rendered":"<p><strong>Immersioni<\/strong> e <strong>snorkeling in Costa Rica<\/strong> sono tra le <strong>attivit\u00e0 acquatiche pi\u00f9 gettonate<\/strong>, insieme anche al rafting, kayaking e surf.<\/p>\n<p>Infatti la Costa Rica \u00e8 bagnata da <strong>due mari<\/strong> entrambi popolati da <strong>pesci e fondali colorati<\/strong>: <strong>Oceano Pacifico<\/strong> e <strong>Mar dei Caraibi<\/strong>.<\/p>\n<p>La bellezza dei fondali completa la bellezza della terra emersa: accanto a giungle, spiagge\u00a0 e vulcani millenari, ci sono estese <strong>barriere coralline<\/strong> e una vasta <strong>variet\u00e0 di flora e fauna<\/strong>, nascoste nelle profondit\u00e0 di acque cristalline.<\/p>\n<p>&nbsp;<\/p>\n<h2>Dove e quando nuotare tra i pesci in Costa Rica<\/h2>\n<p>La temperatura del mare in Costa Rica \u00e8 sempre molto favorevole, ma sicuramente per fare snorkeling il periodo migliore \u00e8 da <strong>da gennaio ad aprile<\/strong>, durante la stagione secca.<\/p>\n<p>Trovare un centro diving \u00e8 facilissimo. In ogni citt\u00e0 affacciata sul mare c\u2019\u00e8 almeno un centro dove prendere a noleggio attrezzatura e farsi accompagnare nelle escursioni sottomarine da istruttori qualificati.<\/p>\n<p><strong>Le localit\u00e0<\/strong> del paese pi\u00f9 famose proprio per lo snorkeling e le immersioni sono:<\/p>\n<p>&nbsp;<\/p>\n<ul>\n<li><strong>Golfo Papagayo<\/strong> nella parte settentrionale del versante pacifico, nella regione del Guanacaste;<\/li>\n<li><strong>Manzanillo;<\/strong><\/li>\n<li><a title=\"puerto vejo\" href=\"https:\/\/costarica.evolutiontravel.it\/infovacanze\/cosa-vedere\/puerto-viejo\/\"><strong>Puerto Viejo<\/strong><\/a>;<\/li>\n<li><strong>Punta Uva;<\/strong><\/li>\n<li><strong>Riserva di <a title=\"cahuita\" href=\"https:\/\/costarica.evolutiontravel.it\/infovacanze\/cosa-vedere\/cahuita\/\">Cahuita<\/a><\/strong>.<\/li>\n<\/ul>\n<p>&nbsp;<\/p>\n<p>Praticamente se volete fare <strong>un&#8217;intera giornata di snorkeling<\/strong> potete partire da Cahuita, poi fare tappa a Puerto Vejo e infine a Punta Uva: in tutto sono circa 26 km.<\/p>\n<p style=\"text-align: center\">Nell&#8217;immagine qui sotto Google Maps con il percorso delle localit\u00e0 della Costa Rica dove fare snorkeling.<\/p>\n<p style=\"text-align: center\"><img loading=\"lazy\" decoding=\"async\" class=\"alignnone size-full wp-image-577\" src=\"https:\/\/costarica.evolutiontravel.it\/infovacanze\/wp-content\/uploads\/sites\/31\/2019\/04\/localita-snorkeling-costa-rica-googlemaps.jpg\" alt=\"localit\u00e0 dove fare snorkeling\" width=\"648\" height=\"534\" srcset=\"https:\/\/costarica.evolutiontravel.it\/infovacanze\/wp-content\/uploads\/sites\/31\/2019\/04\/localita-snorkeling-costa-rica-googlemaps.jpg 648w, https:\/\/costarica.evolutiontravel.it\/infovacanze\/wp-content\/uploads\/sites\/31\/2019\/04\/localita-snorkeling-costa-rica-googlemaps-300x247.jpg 300w\" sizes=\"(max-width: 648px) 100vw, 648px\" \/><\/p>\n<p>&nbsp;<\/p>\n<p>Siamo <strong>sulla costa caraibica<\/strong> che \u00e8 meno attrezzata di quella pacifica ma anche pi\u00f9 suggestiva e selvaggia.\u00a0In particolare nei fondali della Riserva di Cahuita \u00e8 possibile ammirare un\u2019imponente barriera corallina.<\/p>\n<p>Gli incontri pi\u00f9 interessanti che si fanno in acqua sono con le <strong>tartarughe<\/strong>, i <strong>pesci palla<\/strong>, <strong>gli squali<\/strong> e le <strong>razze <\/strong>eanche <strong>balene<\/strong>, <strong>pesci farfalla<\/strong>, <strong>aragoste<\/strong>, <strong>pesci pappagallo<\/strong>, <strong>anguille<\/strong>.<\/p>\n<p>Se volete vedere <strong>delfini e balene venite in Costa Rica in estate<\/strong> mentre in inverno potreste imbattervi in squali, mante e tartarughe.<\/p>\n<p>Quante volte avete guardato uno di quei documentari sottomarini, con un mondo magico perso nell\u2019azzurro, popolato di pesci colorati, piante dall\u2019aspetto incantato, e fiori stupendi? Ecco, i fondali del Costa Rica sono esattamente cos\u00ec!<\/p>\n<p>&nbsp;<\/p>\n<h3 style=\"text-align: center\"><strong><span style=\"color: #008000\">SPECIALE COSTA RICA<\/span><\/strong> &#8211; OFFERTE DELLA SETTIMANA<\/h3>\n<p style=\"text-align: center\">Non perdere le occasioni della settimana per <strong>una vacanza da sogno<\/strong> ma<strong> senza spendere una fortuna<\/strong>:<\/p>\n<p style=\"text-align: center\"><span style=\"color: #008000\"><strong>IN COSTA RICA A MENO DI 1000\u20ac!<\/strong><\/span><\/p>\n<p style=\"text-align: center\"><span style=\"color: #008000\"><strong>CLICCA E SCOPRI TUTTO<\/strong><\/span>: <strong>programma<\/strong>,<strong> foto<\/strong>, <strong>recensioni<\/strong>,<strong> itinerari<\/strong> e<strong> servizi<\/strong> inclusi<\/p>\n<div class=\"feedzy-3e0065fb4ece41faf8a85854ab13402a feedzy-rss\"><ul>Feed has no items.<\/ul> <\/div>\n","protected":false},"excerpt":{"rendered":"<p>Immersioni e snorkeling in Costa Rica sono tra le attivit\u00e0 acquatiche pi\u00f9 gettonate, insieme anche al rafting, kayaking e surf. Infatti la Costa Rica \u00e8 bagnata da due mari entrambi popolati da pesci e fondali colorati: Oceano Pacifico e Mar dei Caraibi. La bellezza dei fondali completa la bellezza della terra emersa: accanto a giungle, <a class=\"moretag\" href=\"https:\/\/costarica.evolutiontravel.it\/infovacanze\/cosa-fare\/snorkeling\/\">[&#8230;]<\/a><\/p>\n","protected":false},"author":1,"featured_media":0,"parent":85,"menu_order":0,"comment_status":"closed","ping_status":"closed","template":"templates\/template-with-right-sidebar.php","meta":{"footnotes":""},"yoast_head":"<!-- This site is optimized with the Yoast SEO plugin v21.9.1 - https:\/\/yoast.com\/wordpress\/plugins\/seo\/ -->\n<title>Snorkeling Costa Rica: pesci e barriera corallina - Destinazioni Costa Rica<\/title>\n<meta name=\"description\" content=\"Vuoi fare snorkeling o immersioni in Costa Rica? Scopri con noi quali sono le destinazioni ideali e parti grazie alle nostre offerte!\" \/>\n<meta name=\"robots\" content=\"index, follow, max-snippet:-1, max-image-preview:large, max-video-preview:-1\" \/>\n<link rel=\"canonical\" href=\"https:\/\/costarica.evolutiontravel.it\/infovacanze\/cosa-fare\/snorkeling\/\" \/>\n<meta property=\"og:locale\" content=\"it_IT\" \/>\n<meta property=\"og:type\" content=\"article\" \/>\n<meta property=\"og:title\" content=\"Snorkeling Costa Rica: pesci e barriera corallina - Destinazioni Costa Rica\" \/>\n<meta property=\"og:description\" content=\"Vuoi fare snorkeling o immersioni in Costa Rica? Scopri con noi quali sono le destinazioni ideali e parti grazie alle nostre offerte!\" \/>\n<meta property=\"og:url\" content=\"https:\/\/costarica.evolutiontravel.it\/infovacanze\/cosa-fare\/snorkeling\/\" \/>\n<meta property=\"og:site_name\" content=\"Costa Rica\" \/>\n<meta property=\"article:modified_time\" content=\"2019-04-17T08:24:33+00:00\" \/>\n<meta property=\"og:image\" content=\"https:\/\/costarica.evolutiontravel.it\/infovacanze\/wp-content\/uploads\/sites\/31\/2019\/04\/localita-snorkeling-costa-rica-googlemaps.jpg\" \/>\n<meta name=\"twitter:card\" content=\"summary_large_image\" \/>\n<meta name=\"twitter:label1\" content=\"Tempo di lettura stimato\" \/>\n\t<meta name=\"twitter:data1\" content=\"2 minuti\" \/>\n<script type=\"application\/ld+json\" class=\"yoast-schema-graph\">{\"@context\":\"https:\/\/schema.org\",\"@graph\":[{\"@type\":\"WebPage\",\"@id\":\"https:\/\/costarica.evolutiontravel.it\/infovacanze\/cosa-fare\/snorkeling\/\",\"url\":\"https:\/\/costarica.evolutiontravel.it\/infovacanze\/cosa-fare\/snorkeling\/\",\"name\":\"Snorkeling Costa Rica: pesci e barriera corallina - Destinazioni Costa Rica\",\"isPartOf\":{\"@id\":\"https:\/\/costarica.evolutiontravel.it\/infovacanze\/#website\"},\"datePublished\":\"2018-02-20T16:54:02+00:00\",\"dateModified\":\"2019-04-17T08:24:33+00:00\",\"description\":\"Vuoi fare snorkeling o immersioni in Costa Rica? Scopri con noi quali sono le destinazioni ideali e parti grazie alle nostre offerte!\",\"breadcrumb\":{\"@id\":\"https:\/\/costarica.evolutiontravel.it\/infovacanze\/cosa-fare\/snorkeling\/#breadcrumb\"},\"inLanguage\":\"it-IT\",\"potentialAction\":[{\"@type\":\"ReadAction\",\"target\":[\"https:\/\/costarica.evolutiontravel.it\/infovacanze\/cosa-fare\/snorkeling\/\"]}]},{\"@type\":\"BreadcrumbList\",\"@id\":\"https:\/\/costarica.evolutiontravel.it\/infovacanze\/cosa-fare\/snorkeling\/#breadcrumb\",\"itemListElement\":[{\"@type\":\"ListItem\",\"position\":1,\"name\":\"Home\",\"item\":\"https:\/\/costarica.evolutiontravel.it\/infovacanze\/\"},{\"@type\":\"ListItem\",\"position\":2,\"name\":\"Cosa fare in vacanza in Costa Rica\",\"item\":\"https:\/\/costarica.evolutiontravel.it\/infovacanze\/cosa-fare\/\"},{\"@type\":\"ListItem\",\"position\":3,\"name\":\"Snorkeling e immersioni\"}]},{\"@type\":\"WebSite\",\"@id\":\"https:\/\/costarica.evolutiontravel.it\/infovacanze\/#website\",\"url\":\"https:\/\/costarica.evolutiontravel.it\/infovacanze\/\",\"name\":\"Costa Rica\",\"description\":\"\",\"potentialAction\":[{\"@type\":\"SearchAction\",\"target\":{\"@type\":\"EntryPoint\",\"urlTemplate\":\"https:\/\/costarica.evolutiontravel.it\/infovacanze\/?s={search_term_string}\"},\"query-input\":\"required name=search_term_string\"}],\"inLanguage\":\"it-IT\"}]}<\/script>\n<!-- \/ Yoast SEO plugin. -->","yoast_head_json":{"title":"Snorkeling Costa Rica: pesci e barriera corallina - Destinazioni Costa Rica","description":"Vuoi fare snorkeling o immersioni in Costa Rica? Scopri con noi quali sono le destinazioni ideali e parti grazie alle nostre offerte!","robots":{"index":"index","follow":"follow","max-snippet":"max-snippet:-1","max-image-preview":"max-image-preview:large","max-video-preview":"max-video-preview:-1"},"canonical":"https:\/\/costarica.evolutiontravel.it\/infovacanze\/cosa-fare\/snorkeling\/","og_locale":"it_IT","og_type":"article","og_title":"Snorkeling Costa Rica: pesci e barriera corallina - Destinazioni Costa Rica","og_description":"Vuoi fare snorkeling o immersioni in Costa Rica? Scopri con noi quali sono le destinazioni ideali e parti grazie alle nostre offerte!","og_url":"https:\/\/costarica.evolutiontravel.it\/infovacanze\/cosa-fare\/snorkeling\/","og_site_name":"Costa Rica","article_modified_time":"2019-04-17T08:24:33+00:00","og_image":[{"url":"https:\/\/costarica.evolutiontravel.it\/infovacanze\/wp-content\/uploads\/sites\/31\/2019\/04\/localita-snorkeling-costa-rica-googlemaps.jpg"}],"twitter_card":"summary_large_image","twitter_misc":{"Tempo di lettura stimato":"2 minuti"},"schema":{"@context":"https:\/\/schema.org","@graph":[{"@type":"WebPage","@id":"https:\/\/costarica.evolutiontravel.it\/infovacanze\/cosa-fare\/snorkeling\/","url":"https:\/\/costarica.evolutiontravel.it\/infovacanze\/cosa-fare\/snorkeling\/","name":"Snorkeling Costa Rica: pesci e barriera corallina - Destinazioni Costa Rica","isPartOf":{"@id":"https:\/\/costarica.evolutiontravel.it\/infovacanze\/#website"},"datePublished":"2018-02-20T16:54:02+00:00","dateModified":"2019-04-17T08:24:33+00:00","description":"Vuoi fare snorkeling o immersioni in Costa Rica? Scopri con noi quali sono le destinazioni ideali e parti grazie alle nostre offerte!","breadcrumb":{"@id":"https:\/\/costarica.evolutiontravel.it\/infovacanze\/cosa-fare\/snorkeling\/#breadcrumb"},"inLanguage":"it-IT","potentialAction":[{"@type":"ReadAction","target":["https:\/\/costarica.evolutiontravel.it\/infovacanze\/cosa-fare\/snorkeling\/"]}]},{"@type":"BreadcrumbList","@id":"https:\/\/costarica.evolutiontravel.it\/infovacanze\/cosa-fare\/snorkeling\/#breadcrumb","itemListElement":[{"@type":"ListItem","position":1,"name":"Home","item":"https:\/\/costarica.evolutiontravel.it\/infovacanze\/"},{"@type":"ListItem","position":2,"name":"Cosa fare in vacanza in Costa Rica","item":"https:\/\/costarica.evolutiontravel.it\/infovacanze\/cosa-fare\/"},{"@type":"ListItem","position":3,"name":"Snorkeling e immersioni"}]},{"@type":"WebSite","@id":"https:\/\/costarica.evolutiontravel.it\/infovacanze\/#website","url":"https:\/\/costarica.evolutiontravel.it\/infovacanze\/","name":"Costa Rica","description":"","potentialAction":[{"@type":"SearchAction","target":{"@type":"EntryPoint","urlTemplate":"https:\/\/costarica.evolutiontravel.it\/infovacanze\/?s={search_term_string}"},"query-input":"required name=search_term_string"}],"inLanguage":"it-IT"}]}},"_links":{"self":[{"href":"https:\/\/costarica.evolutiontravel.it\/infovacanze\/wp-json\/wp\/v2\/pages\/94"}],"collection":[{"href":"https:\/\/costarica.evolutiontravel.it\/infovacanze\/wp-json\/wp\/v2\/pages"}],"about":[{"href":"https:\/\/costarica.evolutiontravel.it\/infovacanze\/wp-json\/wp\/v2\/types\/page"}],"author":[{"embeddable":true,"href":"https:\/\/costarica.evolutiontravel.it\/infovacanze\/wp-json\/wp\/v2\/users\/1"}],"replies":[{"embeddable":true,"href":"https:\/\/costarica.evolutiontravel.it\/infovacanze\/wp-json\/wp\/v2\/comments?post=94"}],"version-history":[{"count":10,"href":"https:\/\/costarica.evolutiontravel.it\/infovacanze\/wp-json\/wp\/v2\/pages\/94\/revisions"}],"predecessor-version":[{"id":580,"href":"https:\/\/costarica.evolutiontravel.it\/infovacanze\/wp-json\/wp\/v2\/pages\/94\/revisions\/580"}],"up":[{"embeddable":true,"href":"https:\/\/costarica.evolutiontravel.it\/infovacanze\/wp-json\/wp\/v2\/pages\/85"}],"wp:attachment":[{"href":"https:\/\/costarica.evolutiontravel.it\/infovacanze\/wp-json\/wp\/v2\/media?parent=94"}],"curies":[{"name":"wp","href":"https:\/\/api.w.org\/{rel}","templated":true}]}}