{"id":90,"date":"2018-02-20T17:53:18","date_gmt":"2018-02-20T16:53:18","guid":{"rendered":"http:\/\/costarica.evolutiontravel.it\/infovacanze\/?page_id=90"},"modified":"2019-04-16T15:59:53","modified_gmt":"2019-04-16T13:59:53","slug":"trekking","status":"publish","type":"page","link":"https:\/\/costarica.evolutiontravel.it\/infovacanze\/cosa-fare\/trekking\/","title":{"rendered":"Trekking in Costa Rica"},"content":{"rendered":"<p>Se vuoi fare <strong>trekking in Costa Rica<\/strong> puoi scegliere tra<strong> tanti sentieri<\/strong> che troverai in molti <a title=\"parchi costa rica\" href=\"https:\/\/costarica.evolutiontravel.it\/infovacanze\/natura\/\">parchi e vulcani<\/a>.<\/p>\n<p>Infatti questo paese \u00e8 la meta di vacanze ideale non solo di chi ama fare vita da mare e spiaggia ma anche dai vuole fare escursioni immersi nella natura incontaminata.<\/p>\n<p>Oltre agli itinerari segnati delle riserve, magari accompagnati da guide esperte, \u00e8 anche possibile <strong>fare trekking sui vulcani.<\/strong><\/p>\n<p>Ecco alcune destinazioni della Costa Rica da raggiungere per fare passeggiate ed escursioni.<\/p>\n<p>&nbsp;<\/p>\n<h2>Parco Nazionale Manuel Antonio<\/h2>\n<p>Qui consigliamo la combinazione <strong>trekking + snorkeling<\/strong>, cos\u00ec vedrai oltre alla foresta pluviale anche alcune tra le pi\u00f9 belle spiagge della Costa Rica.<\/p>\n<ul>\n<li><a title=\"Parco Nazionale Manuel Antonio\" href=\"https:\/\/costarica.evolutiontravel.it\/infovacanze\/natura\/parco-nazionale-manuel-antonio\/\">Parco Nazionale Manuel Antonio<\/a><\/li>\n<\/ul>\n<p>&nbsp;<\/p>\n<h2>Parco nazionale del Corcovado<\/h2>\n<p>Se volete fare trekking qui, nella provincia di Puntarenas, <strong>fatevi consigliare da guide esperte<\/strong>. Nel parco, che \u00e8 una riserva, le escursioni non sono semplici e non ci si pu\u00e0 improvvisare escursionisti.<\/p>\n<ul>\n<li><a title=\"Parco nazionale del Corcovado\" href=\"https:\/\/costarica.evolutiontravel.it\/infovacanze\/natura\/parco-nazionale-corcovado\/\">Parco nazionale del Corcovado<\/a><\/li>\n<\/ul>\n<p>&nbsp;<\/p>\n<h2>Vulcano Irazu<\/h2>\n<p>E&#8217; tra i pi\u00f9 famosi vulcani della Costa Rica ma anche tra i luoghi pi\u00f9 gettonati da chi vuole fare trekking. Siccome dista appena 30 minuti da Cartago, l&#8217;ideale \u00e8 avere in questa citt\u00e0 la vostra base e poi partire per escursioni giornaliere.<\/p>\n<ul>\n<li><a title=\"cartago\" href=\"https:\/\/costarica.evolutiontravel.it\/infovacanze\/cosa-vedere\/cartago\/\">Cartago<\/a><\/li>\n<\/ul>\n<p>&nbsp;<\/p>\n<h2>La Fortuna de San Carlos<\/h2>\n<p>Qui potete provare anche il brivido dell&#8217;avventura con il Parco Mistico e il ponte sospeso: un panorama strepitoso che vi far\u00e0 fare centinaia di foto! Belle le cascate e quasi d&#8217;obbligo la visita al vicino vulcano Arenal famoso per le sue acque termali.<\/p>\n<p>&nbsp;<\/p>\n<h2>Monteverde<\/h2>\n<p>Qui potrete passeggiare nella <strong>Riserva di Santa Elena<\/strong>, il c.d. \u201c<em>Bosque Nuboso<\/em>, particolarmente suggestivo. Siamo nella provincia di Puntarenas a circa 2 ore dalla capitale San Jose.<\/p>\n<ul>\n<li><a title=\"monteverde\" href=\"https:\/\/costarica.evolutiontravel.it\/infovacanze\/cosa-vedere\/monteverde\/\">Monteverde<\/a><\/li>\n<\/ul>\n<p>&nbsp;<\/p>\n<h2>San Gerardo de Dota<\/h2>\n<p>Le fatiche del trekking saranno ripagate dal panorama. Qui troverete alcune delle <strong>pi\u00f9 belle cascate della Costa Rica<\/strong>. E&#8217; comunque un percorso che tutti possono fare perch\u00e8 non richiede particolari abilit\u00e0.<\/p>\n<p>&nbsp;<\/p>\n<h2>Parco Nazionale Rincon de la Vieja<\/h2>\n<p>Anche in questo caso i sentieri vi porteranno ad alcune cascate e poi lagune, tutto circondato da una vegetazione straordinaria. E&#8217; uno dei parchi pi\u00f9 noti proprio da chi sceglie la Costa Rica per fare questo tipo di escursioni.<\/p>\n<p>&nbsp;<\/p>\n<h2>Trekking da Parco Braulio Carrillo al Parco Los Quetzale<\/h2>\n<p>Chi \u00e8 appassionato o professionista sa bene che ci sono molte offerte, non solo in Costa Rica, per intere vacanze di trekking. Pi\u00f9 giornate trascorse a passeggiare facendo ovviamente delle soste nelle vicine citt\u00e0.<\/p>\n<p>Per esempio, un&#8217;idea di vacanza tra passeggiate ed escursioni pu\u00f2 essere quella di andare al <strong>Parque Nacional Braulio Carrillo<\/strong>, passare per la <strong>capitale San Jos\u00e8<\/strong> e dopo qualche giorno di riposo ripartire <strong>per il Parque National Los Quetzale<\/strong> di San Gerardo de Dota.<\/p>\n<p>&nbsp;<\/p>\n<p><strong><span style=\"color: #008000\">Vuoi sapere la verit\u00e0?<\/span><\/strong> Sono praticamente infinite le combinazioni per fare trekking e mare in Costa Rica ed \u00e8 per questo che ti invitiamo a contattarci perch\u00e8 parlando con un nostro consulente &#8211; senza alcun impegno &#8211; possiamo consigliarti l&#8217;itinerario migliore per te!<\/p>\n<p><strong>Contattaci attraverso il form<\/strong> oppure prova a dare un&#8217;occhiata alle <strong>ULTIME OFFERTE DELLA SETTIMANA!<\/strong><\/p>\n<p>&nbsp;<\/p>\n<p style=\"text-align: center\"><strong><span style=\"color: #008000\">&#8220;SPECIALE COSTA RICA&#8221;: OFFERTE IMPERDIBILI!<\/span><\/strong><\/p>\n<p style=\"text-align: center\">Scopri subito le <strong>nostre proposte di viaggio e vacanze in Costa Rica<\/strong> e non perdere questa occasione<\/p>\n<p style=\"text-align: center\"><span style=\"color: #008000\"><strong>CLICCA E SCOPRI<\/strong><\/span>:<strong> programma<\/strong> viaggio, <strong>tante foto<\/strong>, <strong>recensioni<\/strong> di altri viaggitori e altro!<\/p>\n<div class=\"feedzy-e5303805f169f438534371ccaf85fa74 feedzy-rss\">\n\t\t<ul class=\"feedzy-style2\">\n\t\t\t\t\t<li  style=\"padding: 23px 0 38px\" class=\"rss_item feedzy-rss-col-3\" >\n\t\t\t\t\t\t\t\t\t<div class=\"rss_image\" style=\"width:225px; height:225px;\">\n\t\t\t\t\t\t<a href=\"https:\/\/costarica.evolutiontravel.it\/it_IT\/925\/tab\/35469_formula-roulette.html\" target=\"_blank\" \n\t\t\t\t\t\t\trel=\"noopener \"\n\t\t\t\t\t\t\ttitle=\"Formula roulette\"\n\t\t\t\t\t\t\tstyle=\"width:225px; height:225px;\">\n\t\t\t\t\t\t\t<span class=\"fetched\" style=\"background-image:  url('http:\/\/etcdn.net\/thumbnails\/35469\/it-san-jose-low-cost-high-freedom-587d4.jpg');\" title=\"Formula roulette\"><\/span><amp-img width=\"225\" height=\"225\" src=\"http:\/\/etcdn.net\/thumbnails\/35469\/it-san-jose-low-cost-high-freedom-587d4.jpg\">\t\t\t\t\t\t<\/a>\n\t\t\t\t\t<\/div>\n\t\t\t\t\t\t\t\t<div class=\"rss_content_wrap\">\n\t\t\t\t\t<span class=\"title\">\n\t\t\t\t\t\t<a href=\"https:\/\/costarica.evolutiontravel.it\/it_IT\/925\/tab\/35469_formula-roulette.html\" target=\"_blank\"  rel=\"noopener \">\n\t\t\t\t\t\t\tFormula roulette\t\t\t\t\t\t<\/a>\n\t\t\t\t\t<\/span>\n\t\t\t\t\t<div class=\"rss_content\"\n\t\t\t\t\t\t\tstyle=\"\">\n\t\t\t\t\t\t\n\t\t\t\t\t\t\t\t\t\t\t\t<p class=\"description\">Te la cavi con l'inglese e lo spagnolo e vuoi provare un nuovo metodo per viaggiare \u00a0risparmiando? Ecco la formula che ti [&hellip;]<\/p>\n\t\t\t\t\t\t\n\t\t\t\t\t\t\t\t\t\t\t\t\t\t\t\t\t\t\t<div class=\"price-wrap\">\n\t\t\t\t\t\t\t\t<a href=\"https:\/\/costarica.evolutiontravel.it\/it_IT\/925\/tab\/35469_formula-roulette.html\" target=\"_blank\" rel=\"noopener\"><button class=\"price\"> 670<\/button><\/a>\n\t\t\t\t\t\t\t<\/div>\n\t\t\t\t\t\t\t\t\t\t\t<\/div>\n\t\t\t\t<\/div>\n\t\t\t<\/li>\n\t\t\t\t\t\t<li  style=\"padding: 23px 0 38px\" class=\"rss_item feedzy-rss-col-3\" >\n\t\t\t\t\t\t\t\t\t<div class=\"rss_image\" style=\"width:225px; height:225px;\">\n\t\t\t\t\t\t<a href=\"https:\/\/costarica.evolutiontravel.it\/it_IT\/925\/tab\/39068_viaggio-in-famiglia-11-giorni-10-attivita.html\" target=\"_blank\" \n\t\t\t\t\t\t\trel=\"noopener \"\n\t\t\t\t\t\t\ttitle=\"Viaggio in famiglia 11 giorni, 10 attivit\u00e0\"\n\t\t\t\t\t\t\tstyle=\"width:225px; height:225px;\">\n\t\t\t\t\t\t\t<span class=\"fetched\" style=\"background-image:  url('http:\/\/etcdn.net\/thumbnails\/39068\/it-san-jose-viaggio-in-famiglia-11-giorni-10-attivita-78fb9.jpg');\" title=\"Viaggio in famiglia 11 giorni, 10 attivit\u00e0\"><\/span><amp-img width=\"225\" height=\"225\" src=\"http:\/\/etcdn.net\/thumbnails\/39068\/it-san-jose-viaggio-in-famiglia-11-giorni-10-attivita-78fb9.jpg\">\t\t\t\t\t\t<\/a>\n\t\t\t\t\t<\/div>\n\t\t\t\t\t\t\t\t<div class=\"rss_content_wrap\">\n\t\t\t\t\t<span class=\"title\">\n\t\t\t\t\t\t<a href=\"https:\/\/costarica.evolutiontravel.it\/it_IT\/925\/tab\/39068_viaggio-in-famiglia-11-giorni-10-attivita.html\" target=\"_blank\"  rel=\"noopener \">\n\t\t\t\t\t\t\tViaggio in famiglia 11 giorni, 10 attivit\u00e0\t\t\t\t\t\t<\/a>\n\t\t\t\t\t<\/span>\n\t\t\t\t\t<div class=\"rss_content\"\n\t\t\t\t\t\t\tstyle=\"\">\n\t\t\t\t\t\t\n\t\t\t\t\t\t\t\t\t\t\t\t<p class=\"description\">Un viaggio completo in cui in soli 11 giorni si visiteranno sia la costa caraibica che quella del Pacifico, dal Parco nazionale [&hellip;]<\/p>\n\t\t\t\t\t\t\n\t\t\t\t\t\t\t\t\t\t\t\t\t\t\t\t\t\t\t<div class=\"price-wrap\">\n\t\t\t\t\t\t\t\t<a href=\"https:\/\/costarica.evolutiontravel.it\/it_IT\/925\/tab\/39068_viaggio-in-famiglia-11-giorni-10-attivita.html\" target=\"_blank\" rel=\"noopener\"><button class=\"price\"> 790<\/button><\/a>\n\t\t\t\t\t\t\t<\/div>\n\t\t\t\t\t\t\t\t\t\t\t<\/div>\n\t\t\t\t<\/div>\n\t\t\t<\/li>\n\t\t\t\t\t\t<li  style=\"padding: 23px 0 38px\" class=\"rss_item feedzy-rss-col-3\" >\n\t\t\t\t\t\t\t\t\t<div class=\"rss_image\" style=\"width:225px; height:225px;\">\n\t\t\t\t\t\t<a href=\"https:\/\/costarica.evolutiontravel.it\/it_IT\/925\/tab\/35457_playas-natura.html\" target=\"_blank\" \n\t\t\t\t\t\t\trel=\"noopener \"\n\t\t\t\t\t\t\ttitle=\"Playas &amp; Natura\"\n\t\t\t\t\t\t\tstyle=\"width:225px; height:225px;\">\n\t\t\t\t\t\t\t<span class=\"fetched\" style=\"background-image:  url('http:\/\/etcdn.net\/thumbnails\/35457\/it-san-jose-scopri-in-11-giorni-10-delle-migliori-spiagge-della-costa-rica-58289.jpg');\" title=\"Playas &amp; Natura\"><\/span><amp-img width=\"225\" height=\"225\" src=\"http:\/\/etcdn.net\/thumbnails\/35457\/it-san-jose-scopri-in-11-giorni-10-delle-migliori-spiagge-della-costa-rica-58289.jpg\">\t\t\t\t\t\t<\/a>\n\t\t\t\t\t<\/div>\n\t\t\t\t\t\t\t\t<div class=\"rss_content_wrap\">\n\t\t\t\t\t<span class=\"title\">\n\t\t\t\t\t\t<a href=\"https:\/\/costarica.evolutiontravel.it\/it_IT\/925\/tab\/35457_playas-natura.html\" target=\"_blank\"  rel=\"noopener \">\n\t\t\t\t\t\t\tPlayas &amp; Natura\t\t\t\t\t\t<\/a>\n\t\t\t\t\t<\/span>\n\t\t\t\t\t<div class=\"rss_content\"\n\t\t\t\t\t\t\tstyle=\"\">\n\t\t\t\t\t\t\n\t\t\t\t\t\t\t\t\t\t\t\t<p class=\"description\">La Costa Rica offre moltissime attrazioni. Una per\u00f2 \u00e8 particolarmente desiderata da chi visita il paese: le spiagge! Ricercate [&hellip;]<\/p>\n\t\t\t\t\t\t\n\t\t\t\t\t\t\t\t\t\t\t\t\t\t\t\t\t\t\t<div class=\"price-wrap\">\n\t\t\t\t\t\t\t\t<a href=\"https:\/\/costarica.evolutiontravel.it\/it_IT\/925\/tab\/35457_playas-natura.html\" target=\"_blank\" rel=\"noopener\"><button class=\"price\"> 1140<\/button><\/a>\n\t\t\t\t\t\t\t<\/div>\n\t\t\t\t\t\t\t\t\t\t\t<\/div>\n\t\t\t\t<\/div>\n\t\t\t<\/li>\n\t\t\t\t<\/ul>\n<\/div>\n<style type=\"text\/css\" media=\"all\">.feedzy-rss .rss_item .rss_image{float:left;position:relative;border:none;text-decoration:none;max-width:100%}.feedzy-rss .rss_item .rss_image span{display:inline-block;position:absolute;width:100%;height:100%;background-position:50%;background-size:cover}.feedzy-rss .rss_item .rss_image{margin:.3em 1em 0 0;content-visibility:auto}.feedzy-rss ul{list-style:none}.feedzy-rss ul li{display:inline-block}<\/style>\n","protected":false},"excerpt":{"rendered":"<p>Se vuoi fare trekking in Costa Rica puoi scegliere tra tanti sentieri che troverai in molti parchi e vulcani. Infatti questo paese \u00e8 la meta di vacanze ideale non solo di chi ama fare vita da mare e spiaggia ma anche dai vuole fare escursioni immersi nella natura incontaminata. Oltre agli itinerari segnati delle riserve, <a class=\"moretag\" href=\"https:\/\/costarica.evolutiontravel.it\/infovacanze\/cosa-fare\/trekking\/\">[&#8230;]<\/a><\/p>\n","protected":false},"author":1,"featured_media":0,"parent":85,"menu_order":0,"comment_status":"closed","ping_status":"closed","template":"templates\/template-with-right-sidebar.php","meta":{"footnotes":""},"yoast_head":"<!-- This site is optimized with the Yoast SEO plugin v21.9.1 - https:\/\/yoast.com\/wordpress\/plugins\/seo\/ -->\n<title>Trekking Costa Rica: escursioni tra parchi, riserve e vulcani<\/title>\n<meta name=\"description\" content=\"Vuoi fare trekking in Costa Rica? Clicca e scopri dove, come e quando! Inoltre trovi subito le migliori offerte della settimana per questa destinazione!\" \/>\n<meta name=\"robots\" content=\"index, follow, max-snippet:-1, max-image-preview:large, max-video-preview:-1\" \/>\n<link rel=\"canonical\" href=\"https:\/\/costarica.evolutiontravel.it\/infovacanze\/cosa-fare\/trekking\/\" \/>\n<meta property=\"og:locale\" content=\"it_IT\" \/>\n<meta property=\"og:type\" content=\"article\" \/>\n<meta property=\"og:title\" content=\"Trekking Costa Rica: escursioni tra parchi, riserve e vulcani\" \/>\n<meta property=\"og:description\" content=\"Vuoi fare trekking in Costa Rica? Clicca e scopri dove, come e quando! Inoltre trovi subito le migliori offerte della settimana per questa destinazione!\" \/>\n<meta property=\"og:url\" content=\"https:\/\/costarica.evolutiontravel.it\/infovacanze\/cosa-fare\/trekking\/\" \/>\n<meta property=\"og:site_name\" content=\"Costa Rica\" \/>\n<meta property=\"article:modified_time\" content=\"2019-04-16T13:59:53+00:00\" \/>\n<meta name=\"twitter:card\" content=\"summary_large_image\" \/>\n<meta name=\"twitter:label1\" content=\"Tempo di lettura stimato\" \/>\n\t<meta name=\"twitter:data1\" content=\"3 minuti\" \/>\n<script type=\"application\/ld+json\" class=\"yoast-schema-graph\">{\"@context\":\"https:\/\/schema.org\",\"@graph\":[{\"@type\":\"WebPage\",\"@id\":\"https:\/\/costarica.evolutiontravel.it\/infovacanze\/cosa-fare\/trekking\/\",\"url\":\"https:\/\/costarica.evolutiontravel.it\/infovacanze\/cosa-fare\/trekking\/\",\"name\":\"Trekking Costa Rica: escursioni tra parchi, riserve e vulcani\",\"isPartOf\":{\"@id\":\"https:\/\/costarica.evolutiontravel.it\/infovacanze\/#website\"},\"datePublished\":\"2018-02-20T16:53:18+00:00\",\"dateModified\":\"2019-04-16T13:59:53+00:00\",\"description\":\"Vuoi fare trekking in Costa Rica? Clicca e scopri dove, come e quando! Inoltre trovi subito le migliori offerte della settimana per questa destinazione!\",\"breadcrumb\":{\"@id\":\"https:\/\/costarica.evolutiontravel.it\/infovacanze\/cosa-fare\/trekking\/#breadcrumb\"},\"inLanguage\":\"it-IT\",\"potentialAction\":[{\"@type\":\"ReadAction\",\"target\":[\"https:\/\/costarica.evolutiontravel.it\/infovacanze\/cosa-fare\/trekking\/\"]}]},{\"@type\":\"BreadcrumbList\",\"@id\":\"https:\/\/costarica.evolutiontravel.it\/infovacanze\/cosa-fare\/trekking\/#breadcrumb\",\"itemListElement\":[{\"@type\":\"ListItem\",\"position\":1,\"name\":\"Home\",\"item\":\"https:\/\/costarica.evolutiontravel.it\/infovacanze\/\"},{\"@type\":\"ListItem\",\"position\":2,\"name\":\"Cosa fare in vacanza in Costa Rica\",\"item\":\"https:\/\/costarica.evolutiontravel.it\/infovacanze\/cosa-fare\/\"},{\"@type\":\"ListItem\",\"position\":3,\"name\":\"Trekking in Costa Rica\"}]},{\"@type\":\"WebSite\",\"@id\":\"https:\/\/costarica.evolutiontravel.it\/infovacanze\/#website\",\"url\":\"https:\/\/costarica.evolutiontravel.it\/infovacanze\/\",\"name\":\"Costa Rica\",\"description\":\"\",\"potentialAction\":[{\"@type\":\"SearchAction\",\"target\":{\"@type\":\"EntryPoint\",\"urlTemplate\":\"https:\/\/costarica.evolutiontravel.it\/infovacanze\/?s={search_term_string}\"},\"query-input\":\"required name=search_term_string\"}],\"inLanguage\":\"it-IT\"}]}<\/script>\n<!-- \/ Yoast SEO plugin. -->","yoast_head_json":{"title":"Trekking Costa Rica: escursioni tra parchi, riserve e vulcani","description":"Vuoi fare trekking in Costa Rica? Clicca e scopri dove, come e quando! Inoltre trovi subito le migliori offerte della settimana per questa destinazione!","robots":{"index":"index","follow":"follow","max-snippet":"max-snippet:-1","max-image-preview":"max-image-preview:large","max-video-preview":"max-video-preview:-1"},"canonical":"https:\/\/costarica.evolutiontravel.it\/infovacanze\/cosa-fare\/trekking\/","og_locale":"it_IT","og_type":"article","og_title":"Trekking Costa Rica: escursioni tra parchi, riserve e vulcani","og_description":"Vuoi fare trekking in Costa Rica? Clicca e scopri dove, come e quando! Inoltre trovi subito le migliori offerte della settimana per questa destinazione!","og_url":"https:\/\/costarica.evolutiontravel.it\/infovacanze\/cosa-fare\/trekking\/","og_site_name":"Costa Rica","article_modified_time":"2019-04-16T13:59:53+00:00","twitter_card":"summary_large_image","twitter_misc":{"Tempo di lettura stimato":"3 minuti"},"schema":{"@context":"https:\/\/schema.org","@graph":[{"@type":"WebPage","@id":"https:\/\/costarica.evolutiontravel.it\/infovacanze\/cosa-fare\/trekking\/","url":"https:\/\/costarica.evolutiontravel.it\/infovacanze\/cosa-fare\/trekking\/","name":"Trekking Costa Rica: escursioni tra parchi, riserve e vulcani","isPartOf":{"@id":"https:\/\/costarica.evolutiontravel.it\/infovacanze\/#website"},"datePublished":"2018-02-20T16:53:18+00:00","dateModified":"2019-04-16T13:59:53+00:00","description":"Vuoi fare trekking in Costa Rica? Clicca e scopri dove, come e quando! Inoltre trovi subito le migliori offerte della settimana per questa destinazione!","breadcrumb":{"@id":"https:\/\/costarica.evolutiontravel.it\/infovacanze\/cosa-fare\/trekking\/#breadcrumb"},"inLanguage":"it-IT","potentialAction":[{"@type":"ReadAction","target":["https:\/\/costarica.evolutiontravel.it\/infovacanze\/cosa-fare\/trekking\/"]}]},{"@type":"BreadcrumbList","@id":"https:\/\/costarica.evolutiontravel.it\/infovacanze\/cosa-fare\/trekking\/#breadcrumb","itemListElement":[{"@type":"ListItem","position":1,"name":"Home","item":"https:\/\/costarica.evolutiontravel.it\/infovacanze\/"},{"@type":"ListItem","position":2,"name":"Cosa fare in vacanza in Costa Rica","item":"https:\/\/costarica.evolutiontravel.it\/infovacanze\/cosa-fare\/"},{"@type":"ListItem","position":3,"name":"Trekking in Costa Rica"}]},{"@type":"WebSite","@id":"https:\/\/costarica.evolutiontravel.it\/infovacanze\/#website","url":"https:\/\/costarica.evolutiontravel.it\/infovacanze\/","name":"Costa Rica","description":"","potentialAction":[{"@type":"SearchAction","target":{"@type":"EntryPoint","urlTemplate":"https:\/\/costarica.evolutiontravel.it\/infovacanze\/?s={search_term_string}"},"query-input":"required name=search_term_string"}],"inLanguage":"it-IT"}]}},"_links":{"self":[{"href":"https:\/\/costarica.evolutiontravel.it\/infovacanze\/wp-json\/wp\/v2\/pages\/90"}],"collection":[{"href":"https:\/\/costarica.evolutiontravel.it\/infovacanze\/wp-json\/wp\/v2\/pages"}],"about":[{"href":"https:\/\/costarica.evolutiontravel.it\/infovacanze\/wp-json\/wp\/v2\/types\/page"}],"author":[{"embeddable":true,"href":"https:\/\/costarica.evolutiontravel.it\/infovacanze\/wp-json\/wp\/v2\/users\/1"}],"replies":[{"embeddable":true,"href":"https:\/\/costarica.evolutiontravel.it\/infovacanze\/wp-json\/wp\/v2\/comments?post=90"}],"version-history":[{"count":17,"href":"https:\/\/costarica.evolutiontravel.it\/infovacanze\/wp-json\/wp\/v2\/pages\/90\/revisions"}],"predecessor-version":[{"id":575,"href":"https:\/\/costarica.evolutiontravel.it\/infovacanze\/wp-json\/wp\/v2\/pages\/90\/revisions\/575"}],"up":[{"embeddable":true,"href":"https:\/\/costarica.evolutiontravel.it\/infovacanze\/wp-json\/wp\/v2\/pages\/85"}],"wp:attachment":[{"href":"https:\/\/costarica.evolutiontravel.it\/infovacanze\/wp-json\/wp\/v2\/media?parent=90"}],"curies":[{"name":"wp","href":"https:\/\/api.w.org\/{rel}","templated":true}]}}